{"id":25,"date":"2022-07-06T17:18:48","date_gmt":"2022-07-06T17:18:48","guid":{"rendered":"https:\/\/corbins.us\/?page_id=25"},"modified":"2026-02-25T17:58:21","modified_gmt":"2026-02-25T17:58:21","slug":"connect","status":"publish","type":"page","link":"https:\/\/corbins.us\/es\/connect\/","title":{"rendered":"CONECTAR"},"content":{"rendered":"<div data-elementor-type=\"wp-page\" data-elementor-id=\"25\" class=\"elementor elementor-25\" data-elementor-post-type=\"page\">\n\t\t\t\t<div class=\"elementor-element elementor-element-ea23c44 e-con-full e-flex e-con e-parent\" data-id=\"ea23c44\" data-element_type=\"container\" data-e-type=\"container\">\n\t\t<div class=\"elementor-element elementor-element-72667ff e-con-full e-flex e-con e-child\" data-id=\"72667ff\" data-element_type=\"container\" data-e-type=\"container\">\n\t\t<div class=\"elementor-element elementor-element-d356ee1 e-con-full e-flex e-con e-child\" data-id=\"d356ee1\" data-element_type=\"container\" data-e-type=\"container\">\n\t\t<div class=\"elementor-element elementor-element-4c496dd e-con-full e-flex e-con e-child\" data-id=\"4c496dd\" data-element_type=\"container\" data-e-type=\"container\">\n\t\t\t\t<div class=\"elementor-element elementor-element-ffcb58c background double elementor-widget elementor-widget-heading\" data-id=\"ffcb58c\" data-element_type=\"widget\" data-e-type=\"widget\" data-widget_type=\"heading.default\">\n\t\t\t\t<div class=\"elementor-widget-container\">\n\t\t\t\t\t<h2 class=\"elementor-heading-title elementor-size-default\">COMUNICACIONES<\/h2>\t\t\t\t<\/div>\n\t\t\t\t<\/div>\n\t\t\t\t<div class=\"elementor-element elementor-element-a96a7a3 elementor-grid-tablet-1 grow elementor-grid-3 elementor-grid-mobile-1 elementor-posts--thumbnail-top load-more-align-center elementor-widget elementor-widget-posts\" data-id=\"a96a7a3\" data-element_type=\"widget\" data-e-type=\"widget\" data-settings=\"{&quot;classic_row_gap_mobile&quot;:{&quot;unit&quot;:&quot;px&quot;,&quot;size&quot;:26,&quot;sizes&quot;:[]},&quot;pagination_type&quot;:&quot;load_more_on_click&quot;,&quot;classic_columns_tablet&quot;:&quot;1&quot;,&quot;classic_columns&quot;:&quot;3&quot;,&quot;classic_columns_mobile&quot;:&quot;1&quot;,&quot;classic_row_gap&quot;:{&quot;unit&quot;:&quot;px&quot;,&quot;size&quot;:35,&quot;sizes&quot;:[]},&quot;classic_row_gap_tablet&quot;:{&quot;unit&quot;:&quot;px&quot;,&quot;size&quot;:&quot;&quot;,&quot;sizes&quot;:[]},&quot;load_more_spinner&quot;:{&quot;value&quot;:&quot;fas fa-spinner&quot;,&quot;library&quot;:&quot;fa-solid&quot;}}\" data-widget_type=\"posts.classic\">\n\t\t\t\t<div class=\"elementor-widget-container\">\n\t\t\t\t\t\t\t<div class=\"elementor-posts-container elementor-posts elementor-posts--skin-classic elementor-grid\" role=\"list\">\n\t\t\t\t<article class=\"elementor-post elementor-grid-item post-12241 post type-post status-publish format-standard has-post-thumbnail hentry category-corbins-work\" role=\"listitem\">\n\t\t\t\t<a class=\"elementor-post__thumbnail__link\" href=\"https:\/\/corbins.us\/es\/30-years-strong-meet-our-most-devoted-legends\/\" tabindex=\"-1\" >\n\t\t\t<div class=\"elementor-post__thumbnail\"><img fetchpriority=\"high\" decoding=\"async\" width=\"768\" height=\"387\" src=\"https:\/\/corbins.us\/wp-content\/uploads\/2026\/04\/dewayne-768x387.webp\" class=\"attachment-medium_large size-medium_large wp-image-12260\" alt=\"\" srcset=\"https:\/\/corbins.us\/wp-content\/uploads\/2026\/04\/dewayne-768x387.webp 768w, https:\/\/corbins.us\/wp-content\/uploads\/2026\/04\/dewayne-300x151.webp 300w, https:\/\/corbins.us\/wp-content\/uploads\/2026\/04\/dewayne-1024x517.webp 1024w, https:\/\/corbins.us\/wp-content\/uploads\/2026\/04\/dewayne-1536x775.webp 1536w, https:\/\/corbins.us\/wp-content\/uploads\/2026\/04\/dewayne-2048x1033.webp 2048w, https:\/\/corbins.us\/wp-content\/uploads\/2026\/04\/dewayne-18x9.webp 18w\" sizes=\"(max-width: 768px) 100vw, 768px\" \/><\/div>\n\t\t<\/a>\n\t\t\t\t<div class=\"elementor-post__text\">\n\t\t\t\t<h3 class=\"elementor-post__title\">\n\t\t\t<a href=\"https:\/\/corbins.us\/es\/30-years-strong-meet-our-most-devoted-legends\/\" >\n\t\t\t\tM\u00e1s de 30 a\u00f1os de trayectoria: Conozca a nuestras leyendas m\u00e1s fieles.\t\t\t<\/a>\n\t\t<\/h3>\n\t\t\t\t<\/div>\n\t\t\t\t<\/article>\n\t\t\t\t<article class=\"elementor-post elementor-grid-item post-12206 post type-post status-publish format-standard has-post-thumbnail hentry category-corbins-work\" role=\"listitem\">\n\t\t\t\t<a class=\"elementor-post__thumbnail__link\" href=\"https:\/\/corbins.us\/es\/the-weight-of-the-switch-life-as-an-energy-marshal\/\" tabindex=\"-1\" >\n\t\t\t<div class=\"elementor-post__thumbnail\"><img decoding=\"async\" width=\"768\" height=\"458\" src=\"https:\/\/corbins.us\/wp-content\/uploads\/2026\/03\/energy_marshall-768x458.webp\" class=\"attachment-medium_large size-medium_large wp-image-12212\" alt=\"\" srcset=\"https:\/\/corbins.us\/wp-content\/uploads\/2026\/03\/energy_marshall-768x458.webp 768w, https:\/\/corbins.us\/wp-content\/uploads\/2026\/03\/energy_marshall-300x179.webp 300w, https:\/\/corbins.us\/wp-content\/uploads\/2026\/03\/energy_marshall-1024x611.webp 1024w, https:\/\/corbins.us\/wp-content\/uploads\/2026\/03\/energy_marshall-18x12.webp 18w, https:\/\/corbins.us\/wp-content\/uploads\/2026\/03\/energy_marshall.webp 1080w\" sizes=\"(max-width: 768px) 100vw, 768px\" \/><\/div>\n\t\t<\/a>\n\t\t\t\t<div class=\"elementor-post__text\">\n\t\t\t\t<h3 class=\"elementor-post__title\">\n\t\t\t<a href=\"https:\/\/corbins.us\/es\/the-weight-of-the-switch-life-as-an-energy-marshal\/\" >\n\t\t\t\tEl peso del cambio: La vida como gestor energ\u00e9tico\t\t\t<\/a>\n\t\t<\/h3>\n\t\t\t\t<\/div>\n\t\t\t\t<\/article>\n\t\t\t\t<article class=\"elementor-post elementor-grid-item post-12162 post type-post status-publish format-standard has-post-thumbnail hentry category-corbins-work\" role=\"listitem\">\n\t\t\t\t<a class=\"elementor-post__thumbnail__link\" href=\"https:\/\/corbins.us\/es\/electricity-respects-no-one-not-even-the-best-marks-journey-to-becoming-a-quality-superintendent\/\" tabindex=\"-1\" >\n\t\t\t<div class=\"elementor-post__thumbnail\"><img decoding=\"async\" width=\"768\" height=\"434\" src=\"https:\/\/corbins.us\/wp-content\/uploads\/2026\/02\/Screenshot-2026-02-25-at-11.18.08-AM-768x434.png\" class=\"attachment-medium_large size-medium_large wp-image-12167\" alt=\"\" srcset=\"https:\/\/corbins.us\/wp-content\/uploads\/2026\/02\/Screenshot-2026-02-25-at-11.18.08-AM-768x434.png 768w, https:\/\/corbins.us\/wp-content\/uploads\/2026\/02\/Screenshot-2026-02-25-at-11.18.08-AM-300x170.png 300w, https:\/\/corbins.us\/wp-content\/uploads\/2026\/02\/Screenshot-2026-02-25-at-11.18.08-AM-1024x579.png 1024w, https:\/\/corbins.us\/wp-content\/uploads\/2026\/02\/Screenshot-2026-02-25-at-11.18.08-AM-1536x869.png 1536w, https:\/\/corbins.us\/wp-content\/uploads\/2026\/02\/Screenshot-2026-02-25-at-11.18.08-AM-2048x1158.png 2048w, https:\/\/corbins.us\/wp-content\/uploads\/2026\/02\/Screenshot-2026-02-25-at-11.18.08-AM-18x10.png 18w\" sizes=\"(max-width: 768px) 100vw, 768px\" \/><\/div>\n\t\t<\/a>\n\t\t\t\t<div class=\"elementor-post__text\">\n\t\t\t\t<h3 class=\"elementor-post__title\">\n\t\t\t<a href=\"https:\/\/corbins.us\/es\/electricity-respects-no-one-not-even-the-best-marks-journey-to-becoming-a-quality-superintendent\/\" >\n\t\t\t\tLa electricidad no respeta a nadie, ni siquiera a los mejores: el viaje de Mark para convertirse en superintendente de calidad\t\t\t<\/a>\n\t\t<\/h3>\n\t\t\t\t<\/div>\n\t\t\t\t<\/article>\n\t\t\t\t<article class=\"elementor-post elementor-grid-item post-12072 post type-post status-publish format-standard has-post-thumbnail hentry category-corbins-work tag-career-paths-in-constructon tag-construction-jobs tag-construction-project-manager\" role=\"listitem\">\n\t\t\t\t<a class=\"elementor-post__thumbnail__link\" href=\"https:\/\/corbins.us\/es\/alexs-breakthrough-to-a-career-in-construction-project-management\/\" tabindex=\"-1\" >\n\t\t\t<div class=\"elementor-post__thumbnail\"><img loading=\"lazy\" decoding=\"async\" width=\"768\" height=\"432\" src=\"https:\/\/corbins.us\/wp-content\/uploads\/2025\/12\/Dean-SS-4-768x432.jpg\" class=\"attachment-medium_large size-medium_large wp-image-12080\" alt=\"\" srcset=\"https:\/\/corbins.us\/wp-content\/uploads\/2025\/12\/Dean-SS-4-768x432.jpg 768w, https:\/\/corbins.us\/wp-content\/uploads\/2025\/12\/Dean-SS-4-300x169.jpg 300w, https:\/\/corbins.us\/wp-content\/uploads\/2025\/12\/Dean-SS-4-1024x576.jpg 1024w, https:\/\/corbins.us\/wp-content\/uploads\/2025\/12\/Dean-SS-4-1536x864.jpg 1536w, https:\/\/corbins.us\/wp-content\/uploads\/2025\/12\/Dean-SS-4-2048x1152.jpg 2048w, https:\/\/corbins.us\/wp-content\/uploads\/2025\/12\/Dean-SS-4-18x10.jpg 18w\" sizes=\"(max-width: 768px) 100vw, 768px\" \/><\/div>\n\t\t<\/a>\n\t\t\t\t<div class=\"elementor-post__text\">\n\t\t\t\t<h3 class=\"elementor-post__title\">\n\t\t\t<a href=\"https:\/\/corbins.us\/es\/alexs-breakthrough-to-a-career-in-construction-project-management\/\" >\n\t\t\t\tEl gran avance de Alex: una carrera en gesti\u00f3n de proyectos de construcci\u00f3n\t\t\t<\/a>\n\t\t<\/h3>\n\t\t\t\t<\/div>\n\t\t\t\t<\/article>\n\t\t\t\t<article class=\"elementor-post elementor-grid-item post-12066 post type-post status-publish format-standard has-post-thumbnail hentry category-corbins-work tag-construction-jobs tag-construction-project-manager\" role=\"listitem\">\n\t\t\t\t<a class=\"elementor-post__thumbnail__link\" href=\"https:\/\/corbins.us\/es\/from-track-to-construction-careers-corbins\/\" tabindex=\"-1\" >\n\t\t\t<div class=\"elementor-post__thumbnail\"><img loading=\"lazy\" decoding=\"async\" width=\"768\" height=\"432\" src=\"https:\/\/corbins.us\/wp-content\/uploads\/2025\/12\/Duke-SS-2-768x432.jpg\" class=\"attachment-medium_large size-medium_large wp-image-12081\" alt=\"\" srcset=\"https:\/\/corbins.us\/wp-content\/uploads\/2025\/12\/Duke-SS-2-768x432.jpg 768w, https:\/\/corbins.us\/wp-content\/uploads\/2025\/12\/Duke-SS-2-300x169.jpg 300w, https:\/\/corbins.us\/wp-content\/uploads\/2025\/12\/Duke-SS-2-1024x576.jpg 1024w, https:\/\/corbins.us\/wp-content\/uploads\/2025\/12\/Duke-SS-2-1536x864.jpg 1536w, https:\/\/corbins.us\/wp-content\/uploads\/2025\/12\/Duke-SS-2-18x10.jpg 18w, https:\/\/corbins.us\/wp-content\/uploads\/2025\/12\/Duke-SS-2.jpg 1920w\" sizes=\"(max-width: 768px) 100vw, 768px\" \/><\/div>\n\t\t<\/a>\n\t\t\t\t<div class=\"elementor-post__text\">\n\t\t\t\t<h3 class=\"elementor-post__title\">\n\t\t\t<a href=\"https:\/\/corbins.us\/es\/from-track-to-construction-careers-corbins\/\" >\n\t\t\t\tDe atleta profesional de pista a carrera en la construcci\u00f3n: la expedici\u00f3n de Duke\t\t\t<\/a>\n\t\t<\/h3>\n\t\t\t\t<\/div>\n\t\t\t\t<\/article>\n\t\t\t\t<article class=\"elementor-post elementor-grid-item post-11812 post type-post status-publish format-standard has-post-thumbnail hentry category-corbins-work\" role=\"listitem\">\n\t\t\t\t<a class=\"elementor-post__thumbnail__link\" href=\"https:\/\/corbins.us\/es\/apprenticeship-success-in-the-electrical-trade-corbins-weca-stories\/\" tabindex=\"-1\" >\n\t\t\t<div class=\"elementor-post__thumbnail\"><img loading=\"lazy\" decoding=\"async\" width=\"768\" height=\"768\" src=\"https:\/\/corbins.us\/wp-content\/uploads\/2025\/11\/Untitled-design-4-768x768.png\" class=\"attachment-medium_large size-medium_large wp-image-11847\" alt=\"\" srcset=\"https:\/\/corbins.us\/wp-content\/uploads\/2025\/11\/Untitled-design-4-768x768.png 768w, https:\/\/corbins.us\/wp-content\/uploads\/2025\/11\/Untitled-design-4-300x300.png 300w, https:\/\/corbins.us\/wp-content\/uploads\/2025\/11\/Untitled-design-4-1024x1024.png 1024w, https:\/\/corbins.us\/wp-content\/uploads\/2025\/11\/Untitled-design-4-150x150.png 150w, https:\/\/corbins.us\/wp-content\/uploads\/2025\/11\/Untitled-design-4-12x12.png 12w, https:\/\/corbins.us\/wp-content\/uploads\/2025\/11\/Untitled-design-4.png 1080w\" sizes=\"(max-width: 768px) 100vw, 768px\" \/><\/div>\n\t\t<\/a>\n\t\t\t\t<div class=\"elementor-post__text\">\n\t\t\t\t<h3 class=\"elementor-post__title\">\n\t\t\t<a href=\"https:\/\/corbins.us\/es\/apprenticeship-success-in-the-electrical-trade-corbins-weca-stories\/\" >\n\t\t\t\t\u00c9xito del programa de aprendizaje en el sector el\u00e9ctrico: Historias de Corbins y WECA\t\t\t<\/a>\n\t\t<\/h3>\n\t\t\t\t<\/div>\n\t\t\t\t<\/article>\n\t\t\t\t<\/div>\n\t\t\t\t\t<span class=\"e-load-more-spinner\">\n\t\t\t\t<i aria-hidden=\"true\" class=\"fas fa-spinner\"><\/i>\t\t\t<\/span>\n\t\t\n\t\t\t\t<div class=\"e-load-more-anchor\" data-page=\"1\" data-max-page=\"8\" data-next-page=\"https:\/\/corbins.us\/es\/wp-json\/wp\/v2\/pages\/25\/page\/2\/\"><\/div>\n\t\t\t\t<div class=\"elementor-button-wrapper\">\n\t\t\t<a class=\"elementor-button elementor-size-sm\" role=\"button\" id=\"load_bt\">\n\t\t\t\t\t\t<span class=\"elementor-button-content-wrapper\">\n\t\t\t\t\t\t\t\t\t<span class=\"elementor-button-text\">CARGAR M\u00c1S<\/span>\n\t\t\t\t\t<\/span>\n\t\t\t\t\t<\/a>\n\t\t<\/div>\n\t\t\t\t<div class=\"e-load-more-message\"><\/div>\n\t\t\t\t\t\t<\/div>\n\t\t\t\t<\/div>\n\t\t\t\t<\/div>\n\t\t\t\t<\/div>\n\t\t\t\t<\/div>\n\t\t<div class=\"elementor-element elementor-element-af13fc6 e-con-full e-flex e-con e-child\" data-id=\"af13fc6\" data-element_type=\"container\" data-e-type=\"container\">\n\t\t<div class=\"elementor-element elementor-element-c2821f5 e-con-full e-flex e-con e-child\" data-id=\"c2821f5\" data-element_type=\"container\" data-e-type=\"container\">\n\t\t<div class=\"elementor-element elementor-element-9f52753 e-con-full e-flex e-con e-child\" data-id=\"9f52753\" data-element_type=\"container\" data-e-type=\"container\" data-settings=\"{&quot;background_background&quot;:&quot;classic&quot;}\">\n\t\t\t\t<div class=\"elementor-element elementor-element-56a9d81 elementor-widget elementor-widget-image\" data-id=\"56a9d81\" data-element_type=\"widget\" data-e-type=\"widget\" data-widget_type=\"image.default\">\n\t\t\t\t<div class=\"elementor-widget-container\">\n\t\t\t\t\t\t\t\t\t\t\t\t\t\t\t<img loading=\"lazy\" decoding=\"async\" width=\"443\" height=\"72\" src=\"https:\/\/corbins.us\/wp-content\/uploads\/2023\/02\/connect-1.png\" class=\"attachment-large size-large wp-image-3167\" alt=\"\" srcset=\"https:\/\/corbins.us\/wp-content\/uploads\/2023\/02\/connect-1.png 443w, https:\/\/corbins.us\/wp-content\/uploads\/2023\/02\/connect-1-300x49.png 300w\" sizes=\"(max-width: 443px) 100vw, 443px\" \/>\t\t\t\t\t\t\t\t\t\t\t\t\t\t\t<\/div>\n\t\t\t\t<\/div>\n\t\t\t\t<div class=\"elementor-element elementor-element-4b41930 conn elementor-widget elementor-widget-text-editor\" data-id=\"4b41930\" data-element_type=\"widget\" data-e-type=\"widget\" data-widget_type=\"text-editor.default\">\n\t\t\t\t<div class=\"elementor-widget-container\">\n\t\t\t\t\t\t\t\t\t<p><strong>ARIZONA:<\/strong> <a href=\"tel:6022758500\">602.275.8500<\/a><br \/><a href=\"https:\/\/goo.gl\/maps\/1nn3ChNjmuBWhNuP8\" target=\"_blank\" rel=\"noopener\"><span class=\"small\">4829 S 38th St., Phoenix, AZ 85040<\/span><\/a><\/p><p><strong>NUEVO M\u00c9JICO:<\/strong> <a href=\"tel:505.994.1623\">505.994.1623<\/a><br \/><a href=\"https:\/\/maps.app.goo.gl\/oPfP7siQWkH87SLz6\" target=\"_blank\" rel=\"noopener\"><span class=\"small\">6211 Chappell Drive Noreste, Albuquerque, NM 87113 <\/span><\/a><\/p><p><strong>Tejas:<\/strong> <a href=\"https:\/\/maps.app.goo.gl\/AGQLP5xzhyN4cAzm6\" target=\"_blank\" rel=\"noopener\"><span class=\"small\">328 Barnes Drive, Suite 140, San Marcos, Texas 78666<\/span><\/a><\/p><p><strong>NEVADA:<\/strong> <a href=\"https:\/\/maps.app.goo.gl\/d4VN3RaiWnoyEMsKA\" target=\"_blank\" rel=\"noopener\"><span class=\"small\">1575 Venice Way, Sparks, NV 89437<\/span><\/a><\/p><p><strong>CORREO ELECTR\u00d3NICO:<\/strong><span class=\"small\"> <a href=\"mailto:info@corbins.us\">info@corbins.us<\/a><\/span><\/p>\t\t\t\t\t\t\t\t<\/div>\n\t\t\t\t<\/div>\n\t\t\t\t<div class=\"elementor-element elementor-element-47820cb btconnect elementor-align-justify elementor-widget elementor-widget-button\" data-id=\"47820cb\" data-element_type=\"widget\" data-e-type=\"widget\" data-widget_type=\"button.default\">\n\t\t\t\t<div class=\"elementor-widget-container\">\n\t\t\t\t\t\t\t\t\t<div class=\"elementor-button-wrapper\">\n\t\t\t\t\t<a class=\"elementor-button elementor-button-link elementor-size-lg\" href=\"#elementor-action%3Aaction%3Dpopup%3Aopen%26settings%3DeyJpZCI6IjQxMTgiLCJ0b2dnbGUiOmZhbHNlfQ%3D%3D\">\n\t\t\t\t\t\t<span class=\"elementor-button-content-wrapper\">\n\t\t\t\t\t\t\t\t\t<span class=\"elementor-button-text\">CONTACTO<\/span>\n\t\t\t\t\t<\/span>\n\t\t\t\t\t<\/a>\n\t\t\t\t<\/div>\n\t\t\t\t\t\t\t\t<\/div>\n\t\t\t\t<\/div>\n\t\t\t\t<div class=\"elementor-element elementor-element-e82cb4c elementor-search-form--skin-classic elementor-search-form--button-type-icon elementor-search-form--icon-search elementor-widget elementor-widget-search-form\" data-id=\"e82cb4c\" data-element_type=\"widget\" data-e-type=\"widget\" data-settings=\"{&quot;skin&quot;:&quot;classic&quot;}\" data-widget_type=\"search-form.default\">\n\t\t\t\t<div class=\"elementor-widget-container\">\n\t\t\t\t\t\t\t<search role=\"search\">\n\t\t\t<form class=\"elementor-search-form\" action=\"https:\/\/corbins.us\/es\/\" method=\"get\" data-trp-original-action=\"https:\/\/corbins.us\/es\">\n\t\t\t\t\t\t\t\t\t\t\t\t<div class=\"elementor-search-form__container\">\n\t\t\t\t\t<label class=\"elementor-screen-only\" for=\"elementor-search-form-e82cb4c\">Buscar<\/label>\n\n\t\t\t\t\t\n\t\t\t\t\t<input id=\"elementor-search-form-e82cb4c\" placeholder=\"Buscar...\" class=\"elementor-search-form__input\" type=\"search\" name=\"s\" value=\"\">\n\t\t\t\t\t\n\t\t\t\t\t\t\t\t\t\t\t<button class=\"elementor-search-form__submit\" type=\"submit\" aria-label=\"Buscar\">\n\t\t\t\t\t\t\t\t\t\t\t\t\t\t\t<i aria-hidden=\"true\" class=\"fas fa-search\"><\/i>\t\t\t\t\t\t\t\t\t\t\t\t\t<\/button>\n\t\t\t\t\t\n\t\t\t\t\t\t\t\t\t<\/div>\n\t\t\t<input type=\"hidden\" name=\"trp-form-language\" value=\"es\"\/><\/form>\n\t\t<\/search>\n\t\t\t\t\t\t<\/div>\n\t\t\t\t<\/div>\n\t\t\t\t<div class=\"elementor-element elementor-element-aefb7f7 e-grid-align-left e-grid-align-mobile-center elementor-shape-rounded elementor-grid-0 elementor-widget elementor-widget-social-icons\" data-id=\"aefb7f7\" data-element_type=\"widget\" data-e-type=\"widget\" data-widget_type=\"social-icons.default\">\n\t\t\t\t<div class=\"elementor-widget-container\">\n\t\t\t\t\t\t\t<div class=\"elementor-social-icons-wrapper elementor-grid\" role=\"list\">\n\t\t\t\t\t\t\t<span class=\"elementor-grid-item\" role=\"listitem\">\n\t\t\t\t\t<a class=\"elementor-icon elementor-social-icon elementor-social-icon-facebook-f elementor-repeater-item-6cae77e\" href=\"https:\/\/www.facebook.com\/corbins.us\" target=\"_blank\">\n\t\t\t\t\t\t<span class=\"elementor-screen-only\">Facebook-f<\/span>\n\t\t\t\t\t\t<i aria-hidden=\"true\" class=\"fab fa-facebook-f\"><\/i>\t\t\t\t\t<\/a>\n\t\t\t\t<\/span>\n\t\t\t\t\t\t\t<span class=\"elementor-grid-item\" role=\"listitem\">\n\t\t\t\t\t<a class=\"elementor-icon elementor-social-icon elementor-social-icon-instagram elementor-repeater-item-ae62aac\" href=\"https:\/\/www.instagram.com\/corbins.us\/\" target=\"_blank\">\n\t\t\t\t\t\t<span class=\"elementor-screen-only\">Instagram<\/span>\n\t\t\t\t\t\t<i aria-hidden=\"true\" class=\"fab fa-instagram\"><\/i>\t\t\t\t\t<\/a>\n\t\t\t\t<\/span>\n\t\t\t\t\t\t\t<span class=\"elementor-grid-item\" role=\"listitem\">\n\t\t\t\t\t<a class=\"elementor-icon elementor-social-icon elementor-social-icon-linkedin elementor-repeater-item-0ec4c94\" href=\"https:\/\/www.linkedin.com\/company\/corbins-electric\/mycompany\/\" target=\"_blank\">\n\t\t\t\t\t\t<span class=\"elementor-screen-only\">Linkedin<\/span>\n\t\t\t\t\t\t<i aria-hidden=\"true\" class=\"fab fa-linkedin\"><\/i>\t\t\t\t\t<\/a>\n\t\t\t\t<\/span>\n\t\t\t\t\t\t\t<span class=\"elementor-grid-item\" role=\"listitem\">\n\t\t\t\t\t<a class=\"elementor-icon elementor-social-icon elementor-social-icon-tiktok elementor-repeater-item-8a50897\" href=\"https:\/\/www.tiktok.com\/@corbins.us\" target=\"_blank\">\n\t\t\t\t\t\t<span class=\"elementor-screen-only\">Tik Tok<\/span>\n\t\t\t\t\t\t<i aria-hidden=\"true\" class=\"fab fa-tiktok\"><\/i>\t\t\t\t\t<\/a>\n\t\t\t\t<\/span>\n\t\t\t\t\t\t\t<span class=\"elementor-grid-item\" role=\"listitem\">\n\t\t\t\t\t<a class=\"elementor-icon elementor-social-icon elementor-social-icon-youtube elementor-repeater-item-bf13775\" href=\"https:\/\/www.youtube.com\/channel\/UCaRLzNP5BXCBLgxEb4zuxWg\" target=\"_blank\">\n\t\t\t\t\t\t<span class=\"elementor-screen-only\">YouTube<\/span>\n\t\t\t\t\t\t<i aria-hidden=\"true\" class=\"fab fa-youtube\"><\/i>\t\t\t\t\t<\/a>\n\t\t\t\t<\/span>\n\t\t\t\t\t<\/div>\n\t\t\t\t\t\t<\/div>\n\t\t\t\t<\/div>\n\t\t\t\t<\/div>\n\t\t\t\t<\/div>\n\t\t\t\t<\/div>\n\t\t\t\t<\/div>\n\t\t\t\t<\/div>","protected":false},"excerpt":{"rendered":"<p>COMUNICACIONES AZ: 602.275.85004829 S 38th St., Phoenix, AZ 85040 NM: 505.994.16236211 Chappell Drive Northeast, Albuquerque, NM 87113 TX: 328 Barnes Drive, Suite 140, San Marcos,<\/p>","protected":false},"author":1,"featured_media":0,"parent":0,"menu_order":0,"comment_status":"closed","ping_status":"closed","template":"elementor_header_footer","meta":{"_monsterinsights_skip_tracking":false,"_monsterinsights_sitenote_active":false,"_monsterinsights_sitenote_note":"","_monsterinsights_sitenote_category":0,"site-sidebar-layout":"no-sidebar","site-content-layout":"page-builder","ast-site-content-layout":"full-width-container","site-content-style":"unboxed","site-sidebar-style":"unboxed","ast-global-header-display":"disabled","ast-banner-title-visibility":"","ast-main-header-display":"","ast-hfb-above-header-display":"","ast-hfb-below-header-display":"","ast-hfb-mobile-header-display":"","site-post-title":"disabled","ast-breadcrumbs-content":"","ast-featured-img":"disabled","footer-sml-layout":"disabled","ast-disable-related-posts":"","theme-transparent-header-meta":"","adv-header-id-meta":"","stick-header-meta":"","header-above-stick-meta":"","header-main-stick-meta":"","header-below-stick-meta":"","astra-migrate-meta-layouts":"set","ast-page-background-enabled":"default","ast-page-background-meta":{"desktop":{"background-color":"var(--ast-global-color-4)","background-image":"","background-repeat":"repeat","background-position":"center center","background-size":"auto","background-attachment":"scroll","background-type":"","background-media":"","overlay-type":"","overlay-color":"","overlay-opacity":"","overlay-gradient":""},"tablet":{"background-color":"","background-image":"","background-repeat":"repeat","background-position":"center center","background-size":"auto","background-attachment":"scroll","background-type":"","background-media":"","overlay-type":"","overlay-color":"","overlay-opacity":"","overlay-gradient":""},"mobile":{"background-color":"","background-image":"","background-repeat":"repeat","background-position":"center center","background-size":"auto","background-attachment":"scroll","background-type":"","background-media":"","overlay-type":"","overlay-color":"","overlay-opacity":"","overlay-gradient":""}},"ast-content-background-meta":{"desktop":{"background-color":"var(--ast-global-color-5)","background-image":"","background-repeat":"repeat","background-position":"center center","background-size":"auto","background-attachment":"scroll","background-type":"","background-media":"","overlay-type":"","overlay-color":"","overlay-opacity":"","overlay-gradient":""},"tablet":{"background-color":"var(--ast-global-color-5)","background-image":"","background-repeat":"repeat","background-position":"center center","background-size":"auto","background-attachment":"scroll","background-type":"","background-media":"","overlay-type":"","overlay-color":"","overlay-opacity":"","overlay-gradient":""},"mobile":{"background-color":"var(--ast-global-color-5)","background-image":"","background-repeat":"repeat","background-position":"center center","background-size":"auto","background-attachment":"scroll","background-type":"","background-media":"","overlay-type":"","overlay-color":"","overlay-opacity":"","overlay-gradient":""}},"footnotes":""},"class_list":["post-25","page","type-page","status-publish","hentry"],"aioseo_notices":[],"_links":{"self":[{"href":"https:\/\/corbins.us\/es\/wp-json\/wp\/v2\/pages\/25","targetHints":{"allow":["GET"]}}],"collection":[{"href":"https:\/\/corbins.us\/es\/wp-json\/wp\/v2\/pages"}],"about":[{"href":"https:\/\/corbins.us\/es\/wp-json\/wp\/v2\/types\/page"}],"author":[{"embeddable":true,"href":"https:\/\/corbins.us\/es\/wp-json\/wp\/v2\/users\/1"}],"replies":[{"embeddable":true,"href":"https:\/\/corbins.us\/es\/wp-json\/wp\/v2\/comments?post=25"}],"version-history":[{"count":557,"href":"https:\/\/corbins.us\/es\/wp-json\/wp\/v2\/pages\/25\/revisions"}],"predecessor-version":[{"id":12165,"href":"https:\/\/corbins.us\/es\/wp-json\/wp\/v2\/pages\/25\/revisions\/12165"}],"wp:attachment":[{"href":"https:\/\/corbins.us\/es\/wp-json\/wp\/v2\/media?parent=25"}],"curies":[{"name":"gracias","href":"https:\/\/api.w.org\/{rel}","templated":true}]}}