{"id":2970,"date":"2023-02-06T20:08:09","date_gmt":"2023-02-06T20:08:09","guid":{"rendered":"https:\/\/corbins.us\/?page_id=2970"},"modified":"2025-05-30T17:18:29","modified_gmt":"2025-05-30T17:18:29","slug":"privacy-policy","status":"publish","type":"page","link":"https:\/\/corbins.us\/es\/privacy-policy\/","title":{"rendered":"POL\u00cdTICA DE PRIVACIDAD"},"content":{"rendered":"<div data-elementor-type=\"wp-page\" data-elementor-id=\"2970\" class=\"elementor elementor-2970\" data-elementor-post-type=\"page\">\n\t\t\t\t<div class=\"elementor-element elementor-element-36b559a e-flex e-con-boxed e-con e-parent\" data-id=\"36b559a\" data-element_type=\"container\" data-e-type=\"container\">\n\t\t\t\t\t<div class=\"e-con-inner\">\n\t\t\t\t<div class=\"elementor-element elementor-element-b56b9d9 elementor-widget elementor-widget-html\" data-id=\"b56b9d9\" data-element_type=\"widget\" data-e-type=\"widget\" data-widget_type=\"html.default\">\n\t\t\t\t<div class=\"elementor-widget-container\">\n\t\t\t\t\t<img decoding=\"async\" height=\"1\" width=\"1\" style=\"border-style:none;\" alt=\"\" src=\"https:\/\/insight.adsrvr.org\/track\/pxl\/?adv=0h3w8r5&ct=0:bdr99kf&fmt=3\"\/>\t\t\t\t<\/div>\n\t\t\t\t<\/div>\n\t\t\t\t<div class=\"elementor-element elementor-element-77c2b53 outline_title elementor-widget elementor-widget-text-editor\" data-id=\"77c2b53\" data-element_type=\"widget\" data-e-type=\"widget\" data-widget_type=\"text-editor.default\">\n\t\t\t\t<div class=\"elementor-widget-container\">\n\t\t\t\t\t\t\t\t\t<p><strong>PRIVACIDAD<\/strong> POL\u00cdTICA<\/p>\t\t\t\t\t\t\t\t<\/div>\n\t\t\t\t<\/div>\n\t\t\t\t\t<\/div>\n\t\t\t\t<\/div>\n\t\t<div class=\"elementor-element elementor-element-3ee0578 e-flex e-con-boxed e-con e-parent\" data-id=\"3ee0578\" data-element_type=\"container\" data-e-type=\"container\">\n\t\t\t\t\t<div class=\"e-con-inner\">\n\t\t\t\t<div class=\"elementor-element elementor-element-d1ae2ca elementor-widget elementor-widget-text-editor\" data-id=\"d1ae2ca\" data-element_type=\"widget\" data-e-type=\"widget\" data-widget_type=\"text-editor.default\">\n\t\t\t\t<div class=\"elementor-widget-container\">\n\t\t\t\t\t\t\t\t\t<p>Este aviso de privacidad revela las pr\u00e1cticas de privacidad de https:\/\/corbins.us. Este aviso de privacidad se aplica \u00fanicamente a la informaci\u00f3n recopilada por este sitio web, excepto cuando se indique lo contrario. Le notificar\u00e1 lo siguiente:<\/p>\n<p>Qu\u00e9 informaci\u00f3n recopilamos;<br>Con qui\u00e9n se comparte;<br>\u00bfC\u00f3mo se puede corregir?<br>\u00bfC\u00f3mo se asegura?<br>C\u00f3mo se comunicar\u00e1n los cambios de pol\u00edticas y c\u00f3mo abordar las preocupaciones sobre el uso indebido de datos personales.<\/p>\n<p><b>Recopilaci\u00f3n, uso y compartici\u00f3n de informaci\u00f3n<br><\/b>Somos los \u00fanicos propietarios de la informaci\u00f3n recopilada en este sitio. Solo tenemos acceso a la informaci\u00f3n que usted nos proporciona voluntariamente por correo electr\u00f3nico u otro contacto directo. No venderemos ni alquilaremos esta informaci\u00f3n a nadie. Utilizaremos su informaci\u00f3n para responderle sobre el motivo de su contacto. No compartiremos su informaci\u00f3n con terceros fuera de nuestra organizaci\u00f3n, salvo cuando sea necesario para atender su solicitud, por ejemplo, una solicitud de empleo o una solicitud de contacto.<\/p>\n<p>A menos que nos solicite no hacerlo, es posible que nos comuniquemos con usted por correo electr\u00f3nico en el futuro para informarle sobre ofertas especiales, nuevos productos o servicios o cambios a esta pol\u00edtica de privacidad.<\/p>\n<p><b>Su acceso y control sobre la informaci\u00f3n<br><\/b>Puede optar por no recibir m\u00e1s comunicaciones nuestras en cualquier momento. Puede hacerlo en cualquier momento comunic\u00e1ndose con nosotros a trav\u00e9s de la direcci\u00f3n de correo electr\u00f3nico que figura en nuestro sitio web: info@corbins.us<\/p>\n<p>Consulte qu\u00e9 datos tenemos sobre usted, si los hay. Modifique o corrija cualquier dato que tengamos sobre usted. Solicite que eliminemos cualquier dato que tengamos sobre usted. Exprese cualquier inquietud que tenga sobre el uso que hacemos de sus datos.<\/p>\n<p><b>Seguridad<\/b><br>Tomamos precauciones para proteger su informaci\u00f3n. Cuando env\u00eda informaci\u00f3n confidencial a trav\u00e9s del sitio web, su informaci\u00f3n est\u00e1 protegida tanto en l\u00ednea como fuera de l\u00ednea.<br>Siempre que recopilamos informaci\u00f3n confidencial, dicha informaci\u00f3n se encripta y se nos transmite de forma segura. Puede verificar esto buscando un \u00edcono de candado cerrado en su navegador web o buscando &quot;https&quot; al comienzo de la direcci\u00f3n de la p\u00e1gina web.<\/p>\n<p>Si bien utilizamos cifrado para proteger la informaci\u00f3n confidencial transmitida en l\u00ednea, tambi\u00e9n protegemos su informaci\u00f3n fuera de l\u00ednea. Solo los empleados que necesitan la informaci\u00f3n para realizar un trabajo espec\u00edfico (por ejemplo, facturaci\u00f3n o servicio al cliente) tienen acceso a la informaci\u00f3n de identificaci\u00f3n personal. Las computadoras\/servidores en los que almacenamos informaci\u00f3n de identificaci\u00f3n personal se mantienen en un entorno seguro.<\/p>\n<p><b>Galletas<br><\/b>En este sitio utilizamos \u201ccookies\u201d. Una cookie es un fragmento de datos que se almacena en el ordenador del visitante del sitio para ayudarnos a mejorar su acceso a nuestro sitio e identificar a los visitantes habituales. Las cookies tambi\u00e9n nos permiten rastrear y orientar los intereses de nuestros usuarios para mejorar su experiencia en nuestro sitio. El uso de una cookie no est\u00e1 vinculado de ninguna manera a ninguna informaci\u00f3n de identificaci\u00f3n personal en nuestro sitio.<\/p>\n<p><b>Intercambio<br><\/b>No compartimos informaci\u00f3n demogr\u00e1fica agregada con terceros. Esta no est\u00e1 vinculada a ning\u00fan dato personal que pueda identificar a una persona en particular.<\/p>\n<p><b>Formularios web<br><\/b>De vez en cuando, nuestro sitio solicita informaci\u00f3n a trav\u00e9s de formularios web. La participaci\u00f3n en estas solicitudes de contacto es completamente voluntaria y usted puede elegir si desea participar o no y, por lo tanto, divulgar esta informaci\u00f3n. La informaci\u00f3n solicitada puede incluir informaci\u00f3n de contacto (como nombre y direcci\u00f3n) e informaci\u00f3n demogr\u00e1fica (como c\u00f3digo postal, nivel de edad). La informaci\u00f3n de contacto se utilizar\u00e1 para notificar al solicitante de contacto. La informaci\u00f3n de la encuesta se utilizar\u00e1 con el fin de monitorear o mejorar el uso y la satisfacci\u00f3n de este sitio.<\/p>\n<p><b>Contenido incrustado de otros sitios web<br><\/b>Los art\u00edculos de este sitio pueden incluir contenido incrustado (p. ej., v\u00eddeos, im\u00e1genes, art\u00edculos, redes sociales, etc.). El contenido incrustado de otros sitios web se comporta exactamente igual que si el visitante hubiera visitado el otro sitio web. Estos sitios web pueden recopilar datos sobre usted, utilizar cookies, incrustar seguimiento adicional de terceros y supervisar su interacci\u00f3n con dicho contenido incrustado, incluido el seguimiento de su interacci\u00f3n con dicho contenido si tiene una cuenta y ha iniciado sesi\u00f3n en ese sitio web.<\/p><div data-block-id=\"block-ed0f53cf-592f-4f32-9759-3b8f06457981\"><strong>T\u00e9rminos de SMS<\/strong><\/div><div data-block-id=\"block-4aaa3137-cb04-43bf-9624-85aa6bc708bb\">Nox Group, LLC, tambi\u00e9n conocido como Nox Group o cualquiera de sus compa\u00f1\u00edas operadoras, le ofrece la opci\u00f3n de participar en conversaciones por SMS sobre su solicitud de empleo. Al participar, usted tambi\u00e9n comprende que la frecuencia de los mensajes puede variar seg\u00fan el estado de su solicitud de empleo y que pueden aplicarse tarifas por mensajes y datos. Consulte con su operador para obtener m\u00e1s informaci\u00f3n sobre las tarifas y cargos aplicables. Los operadores no se responsabilizan de los mensajes retrasados o no entregados. Responda &quot;STOP&quot; para cancelar y &quot;HELP&quot; para obtener ayuda.<br><br><\/div><div data-block-id=\"block-d225870b-2ec4-4771-aa99-026e0360d7f1\">Al optar por recibir mensajes de texto SMS sobre su solicitud de empleo, usted reconoce y acepta que sus datos de consentimiento, n\u00famero de tel\u00e9fono m\u00f3vil e informaci\u00f3n personal se recopilar\u00e1n y almacenar\u00e1n \u00fanicamente con el fin de proporcionarle actualizaciones e informaci\u00f3n relacionada con su solicitud. No se compartir\u00e1 informaci\u00f3n m\u00f3vil con terceros ni afiliados con fines de marketing ni promocionales. Todas las categor\u00edas anteriores excluyen los datos de consentimiento y la autorizaci\u00f3n del remitente de los mensajes de texto; esta informaci\u00f3n no se compartir\u00e1 con terceros.<br><br><\/div>\n<p><b>Cambios de pol\u00edtica<br><\/b>Cualquier actualizaci\u00f3n o cambio a esta pol\u00edtica de privacidad se realizar\u00e1 sin previo aviso a menos que lo solicite una persona.<\/p>\n<p>\u00daltima actualizaci\u00f3n 30\/05\/2025<\/p>\t\t\t\t\t\t\t\t<\/div>\n\t\t\t\t<\/div>\n\t\t\t\t\t<\/div>\n\t\t\t\t<\/div>\n\t\t\t\t<\/div>","protected":false},"excerpt":{"rendered":"<p>PRIVACY POLICY This privacy notice discloses the privacy practices for https:\/\/corbins.us. This privacy notice applies solely to information collected by this website, except where stated otherwise. It will notify you of the following: What information we collect;With whom it is shared;How it can be corrected;How it is secured;How policy changes will be communicated; and&nbsp;How to [&hellip;]<\/p>\n","protected":false},"author":1,"featured_media":0,"parent":0,"menu_order":0,"comment_status":"closed","ping_status":"closed","template":"elementor_header_footer","meta":{"_monsterinsights_skip_tracking":false,"_monsterinsights_sitenote_active":false,"_monsterinsights_sitenote_note":"","_monsterinsights_sitenote_category":0,"site-sidebar-layout":"no-sidebar","site-content-layout":"page-builder","ast-site-content-layout":"full-width-container","site-content-style":"unboxed","site-sidebar-style":"unboxed","ast-global-header-display":"","ast-banner-title-visibility":"","ast-main-header-display":"","ast-hfb-above-header-display":"","ast-hfb-below-header-display":"","ast-hfb-mobile-header-display":"","site-post-title":"disabled","ast-breadcrumbs-content":"","ast-featured-img":"disabled","footer-sml-layout":"","ast-disable-related-posts":"","theme-transparent-header-meta":"","adv-header-id-meta":"","stick-header-meta":"","header-above-stick-meta":"","header-main-stick-meta":"","header-below-stick-meta":"","astra-migrate-meta-layouts":"set","ast-page-background-enabled":"default","ast-page-background-meta":{"desktop":{"background-color":"var(--ast-global-color-4)","background-image":"","background-repeat":"repeat","background-position":"center center","background-size":"auto","background-attachment":"scroll","background-type":"","background-media":"","overlay-type":"","overlay-color":"","overlay-opacity":"","overlay-gradient":""},"tablet":{"background-color":"","background-image":"","background-repeat":"repeat","background-position":"center center","background-size":"auto","background-attachment":"scroll","background-type":"","background-media":"","overlay-type":"","overlay-color":"","overlay-opacity":"","overlay-gradient":""},"mobile":{"background-color":"","background-image":"","background-repeat":"repeat","background-position":"center center","background-size":"auto","background-attachment":"scroll","background-type":"","background-media":"","overlay-type":"","overlay-color":"","overlay-opacity":"","overlay-gradient":""}},"ast-content-background-meta":{"desktop":{"background-color":"var(--ast-global-color-5)","background-image":"","background-repeat":"repeat","background-position":"center center","background-size":"auto","background-attachment":"scroll","background-type":"","background-media":"","overlay-type":"","overlay-color":"","overlay-opacity":"","overlay-gradient":""},"tablet":{"background-color":"var(--ast-global-color-5)","background-image":"","background-repeat":"repeat","background-position":"center center","background-size":"auto","background-attachment":"scroll","background-type":"","background-media":"","overlay-type":"","overlay-color":"","overlay-opacity":"","overlay-gradient":""},"mobile":{"background-color":"var(--ast-global-color-5)","background-image":"","background-repeat":"repeat","background-position":"center center","background-size":"auto","background-attachment":"scroll","background-type":"","background-media":"","overlay-type":"","overlay-color":"","overlay-opacity":"","overlay-gradient":""}},"footnotes":""},"class_list":["post-2970","page","type-page","status-publish","hentry"],"aioseo_notices":[],"_links":{"self":[{"href":"https:\/\/corbins.us\/es\/wp-json\/wp\/v2\/pages\/2970","targetHints":{"allow":["GET"]}}],"collection":[{"href":"https:\/\/corbins.us\/es\/wp-json\/wp\/v2\/pages"}],"about":[{"href":"https:\/\/corbins.us\/es\/wp-json\/wp\/v2\/types\/page"}],"author":[{"embeddable":true,"href":"https:\/\/corbins.us\/es\/wp-json\/wp\/v2\/users\/1"}],"replies":[{"embeddable":true,"href":"https:\/\/corbins.us\/es\/wp-json\/wp\/v2\/comments?post=2970"}],"version-history":[{"count":47,"href":"https:\/\/corbins.us\/es\/wp-json\/wp\/v2\/pages\/2970\/revisions"}],"predecessor-version":[{"id":11634,"href":"https:\/\/corbins.us\/es\/wp-json\/wp\/v2\/pages\/2970\/revisions\/11634"}],"wp:attachment":[{"href":"https:\/\/corbins.us\/es\/wp-json\/wp\/v2\/media?parent=2970"}],"curies":[{"name":"gracias","href":"https:\/\/api.w.org\/{rel}","templated":true}]}}