{"id":8914,"date":"2024-01-16T16:26:55","date_gmt":"2024-01-16T16:26:55","guid":{"rendered":"https:\/\/corbins.us\/?page_id=8914"},"modified":"2025-04-03T18:54:40","modified_gmt":"2025-04-03T18:54:40","slug":"careers","status":"publish","type":"page","link":"https:\/\/corbins.us\/es\/careers\/","title":{"rendered":"CARRERAS"},"content":{"rendered":"<div data-elementor-type=\"wp-page\" data-elementor-id=\"8914\" class=\"elementor elementor-8914\" data-elementor-post-type=\"page\">\n\t\t\t\t<div class=\"elementor-element elementor-element-83e7abb joinbg e-flex e-con-boxed e-con e-parent\" data-id=\"83e7abb\" data-element_type=\"container\" data-e-type=\"container\" data-settings=\"{&quot;background_background&quot;:&quot;video&quot;}\">\n\t\t\t\t\t<div class=\"e-con-inner\">\n\t\t<div class=\"elementor-element elementor-element-0ed3cd2 e-flex e-con-boxed e-con e-child\" data-id=\"0ed3cd2\" data-element_type=\"container\" data-e-type=\"container\">\n\t\t\t\t\t<div class=\"e-con-inner\">\n\t\t\t\t<div class=\"elementor-element elementor-element-b3f3592 elementor-widget elementor-widget-image\" data-id=\"b3f3592\" data-element_type=\"widget\" data-e-type=\"widget\" data-widget_type=\"image.default\">\n\t\t\t\t<div class=\"elementor-widget-container\">\n\t\t\t\t\t\t\t\t\t\t\t\t\t\t\t<img fetchpriority=\"high\" decoding=\"async\" width=\"1024\" height=\"90\" src=\"https:\/\/corbins.us\/wp-content\/uploads\/2025\/03\/build_a_career-1024x90.png\" class=\"attachment-large size-large wp-image-11128\" alt=\"\" srcset=\"https:\/\/corbins.us\/wp-content\/uploads\/2025\/03\/build_a_career-1024x90.png 1024w, https:\/\/corbins.us\/wp-content\/uploads\/2025\/03\/build_a_career-300x26.png 300w, https:\/\/corbins.us\/wp-content\/uploads\/2025\/03\/build_a_career-768x67.png 768w, https:\/\/corbins.us\/wp-content\/uploads\/2025\/03\/build_a_career-18x2.png 18w, https:\/\/corbins.us\/wp-content\/uploads\/2025\/03\/build_a_career.png 1304w\" sizes=\"(max-width: 1024px) 100vw, 1024px\" \/>\t\t\t\t\t\t\t\t\t\t\t\t\t\t\t<\/div>\n\t\t\t\t<\/div>\n\t\t\t\t<div class=\"elementor-element elementor-element-971e072 noroll elementor-widget elementor-widget-text-editor\" data-id=\"971e072\" data-element_type=\"widget\" data-e-type=\"widget\" data-widget_type=\"text-editor.default\">\n\t\t\t\t<div class=\"elementor-widget-container\">\n\t\t\t\t\t\t\t\t\t<p>Si te apasiona tu oficio, desarrollar tus habilidades y progresar profesionalmente, queremos hablar contigo. Estamos transformando la industria de la construcci\u00f3n con audacia y siempre buscamos a las personas adecuadas para crecer juntos. Si necesitas ayuda con nuestros puestos vacantes, <span style=\"text-decoration: underline;\"><a href=\"mailto:talent@noxgroup.us\">env\u00edanos un correo electr\u00f3nico<\/a>.<\/span><\/p>\t\t\t\t\t\t\t\t<\/div>\n\t\t\t\t<\/div>\n\t\t\t\t<div class=\"elementor-element elementor-element-fb2d460 pa-display-conditions-yes elementor-widget elementor-widget-button\" data-id=\"fb2d460\" data-element_type=\"widget\" data-e-type=\"widget\" data-settings=\"{&quot;pa_display_conditions_switcher&quot;:&quot;yes&quot;}\" data-widget_type=\"button.default\">\n\t\t\t\t<div class=\"elementor-widget-container\">\n\t\t\t\t\t\t\t\t\t<div class=\"elementor-button-wrapper\">\n\t\t\t\t\t<a class=\"elementor-button elementor-button-link elementor-size-sm\" href=\"https:\/\/corbins.us\/es\/careers\/\">\n\t\t\t\t\t\t<span class=\"elementor-button-content-wrapper\">\n\t\t\t\t\t\t\t\t\t<span class=\"elementor-button-text\">ATR\u00c1S<\/span>\n\t\t\t\t\t<\/span>\n\t\t\t\t\t<\/a>\n\t\t\t\t<\/div>\n\t\t\t\t\t\t\t\t<\/div>\n\t\t\t\t<\/div>\n\t\t\t\t\t<\/div>\n\t\t\t\t<\/div>\n\t\t<div class=\"elementor-element elementor-element-b2a2684 e-con-full e-flex e-con e-child\" data-id=\"b2a2684\" data-element_type=\"container\" data-e-type=\"container\" data-settings=\"{&quot;background_background&quot;:&quot;classic&quot;}\">\n\t\t<div class=\"elementor-element elementor-element-62aafbf e-con-full e-flex e-con e-child\" data-id=\"62aafbf\" data-element_type=\"container\" data-e-type=\"container\">\n\t\t\t\t<div class=\"elementor-element elementor-element-b90d4ee elementor-widget elementor-widget-html\" data-id=\"b90d4ee\" data-element_type=\"widget\" data-e-type=\"widget\" data-widget_type=\"html.default\">\n\t\t\t\t<div class=\"elementor-widget-container\">\n\t\t\t\t\t<div id=\"grnhse_app\"><\/div>\t\t\t\t<\/div>\n\t\t\t\t<\/div>\n\t\t\t\t<\/div>\n\t\t<div class=\"elementor-element elementor-element-e87e2a2 e-con-full e-flex e-con e-child\" data-id=\"e87e2a2\" data-element_type=\"container\" data-e-type=\"container\">\n\t\t\t\t<div class=\"elementor-element elementor-element-384f6c7 elementor-hidden-desktop elementor-hidden-tablet elementor-hidden-mobile elementor-widget elementor-widget-button\" data-id=\"384f6c7\" data-element_type=\"widget\" data-e-type=\"widget\" data-widget_type=\"button.default\">\n\t\t\t\t<div class=\"elementor-widget-container\">\n\t\t\t\t\t\t\t\t\t<div class=\"elementor-button-wrapper\">\n\t\t\t\t\t<a class=\"elementor-button elementor-button-link elementor-size-sm\" href=\"https:\/\/noxgroup.us\/careers\" target=\"_blank\">\n\t\t\t\t\t\t<span class=\"elementor-button-content-wrapper\">\n\t\t\t\t\t\t\t\t\t<span class=\"elementor-button-text\">\u00bfNO VES LO QUE EST\u00c1S BUSCANDO? - EXPLORAR TODOS LOS TRABAJOS<\/span>\n\t\t\t\t\t<\/span>\n\t\t\t\t\t<\/a>\n\t\t\t\t<\/div>\n\t\t\t\t\t\t\t\t<\/div>\n\t\t\t\t<\/div>\n\t\t\t\t<\/div>\n\t\t\t\t<\/div>\n\t\t\t\t\t<\/div>\n\t\t\t\t<\/div>\n\t\t<div class=\"elementor-element elementor-element-934e26c e-con-full e-flex e-con e-parent\" data-id=\"934e26c\" data-element_type=\"container\" data-e-type=\"container\" data-settings=\"{&quot;background_background&quot;:&quot;video&quot;,&quot;background_video_link&quot;:&quot;https:\\\/\\\/corbins.us\\\/wp-content\\\/uploads\\\/2024\\\/11\\\/bg_careers_24.webm&quot;,&quot;position&quot;:&quot;absolute&quot;}\">\n\t\t<div class=\"elementor-background-video-container elementor-hidden-mobile\">\n\t\t\t\t\t\t\t<video class=\"elementor-background-video-hosted\" role=\"presentation\" autoplay muted playsinline loop><\/video>\n\t\t\t\t\t<\/div>\t\t<\/div>\n\t\t<div class=\"elementor-element elementor-element-5823eb7 elementor-hidden-desktop elementor-hidden-tablet elementor-hidden-mobile e-flex e-con-boxed e-con e-parent\" data-id=\"5823eb7\" data-element_type=\"container\" data-e-type=\"container\">\n\t\t\t\t\t<div class=\"e-con-inner\">\n\t\t\t\t<div class=\"elementor-element elementor-element-6eca0d2 elementor-widget elementor-widget-image\" data-id=\"6eca0d2\" data-element_type=\"widget\" data-e-type=\"widget\" data-widget_type=\"image.default\">\n\t\t\t\t<div class=\"elementor-widget-container\">\n\t\t\t\t\t\t\t\t\t\t\t\t\t\t\t<img decoding=\"async\" width=\"300\" height=\"193\" src=\"https:\/\/corbins.us\/wp-content\/uploads\/2023\/02\/Top-Workplaces-2022-AZCentral_ABQ-Journal-300x193.png\" class=\"attachment-medium size-medium wp-image-4236\" alt=\"Corbins - Top Workplaces in AZ and NM 2023\" srcset=\"https:\/\/corbins.us\/wp-content\/uploads\/2023\/02\/Top-Workplaces-2022-AZCentral_ABQ-Journal-300x193.png 300w, https:\/\/corbins.us\/wp-content\/uploads\/2023\/02\/Top-Workplaces-2022-AZCentral_ABQ-Journal-768x494.png 768w, https:\/\/corbins.us\/wp-content\/uploads\/2023\/02\/Top-Workplaces-2022-AZCentral_ABQ-Journal.png 890w\" sizes=\"(max-width: 300px) 100vw, 300px\" \/>\t\t\t\t\t\t\t\t\t\t\t\t\t\t\t<\/div>\n\t\t\t\t<\/div>\n\t\t\t\t<div class=\"elementor-element elementor-element-3634360 elementor-widget elementor-widget-image\" data-id=\"3634360\" data-element_type=\"widget\" data-e-type=\"widget\" data-widget_type=\"image.default\">\n\t\t\t\t<div class=\"elementor-widget-container\">\n\t\t\t\t\t\t\t\t\t\t\t\t\t\t\t<img decoding=\"async\" width=\"300\" height=\"193\" src=\"https:\/\/corbins.us\/wp-content\/uploads\/2023\/06\/top_work_place_2023-1-300x193.png\" class=\"attachment-medium size-medium wp-image-8073\" alt=\"Corbins - Top Workplaces in AZ and NM - 2022\" srcset=\"https:\/\/corbins.us\/wp-content\/uploads\/2023\/06\/top_work_place_2023-1-300x193.png 300w, https:\/\/corbins.us\/wp-content\/uploads\/2023\/06\/top_work_place_2023-1-768x494.png 768w, https:\/\/corbins.us\/wp-content\/uploads\/2023\/06\/top_work_place_2023-1.png 890w\" sizes=\"(max-width: 300px) 100vw, 300px\" \/>\t\t\t\t\t\t\t\t\t\t\t\t\t\t\t<\/div>\n\t\t\t\t<\/div>\n\t\t\t\t<div class=\"elementor-element elementor-element-c1ebb93 elementor-widget elementor-widget-image\" data-id=\"c1ebb93\" data-element_type=\"widget\" data-e-type=\"widget\" data-widget_type=\"image.default\">\n\t\t\t\t<div class=\"elementor-widget-container\">\n\t\t\t\t\t\t\t\t\t\t\t\t\t\t\t<img loading=\"lazy\" decoding=\"async\" width=\"149\" height=\"190\" src=\"https:\/\/corbins.us\/wp-content\/uploads\/2023\/05\/safety-platinum-1.png\" class=\"attachment-full size-full wp-image-7323\" alt=\"Highwire - Platinum\" \/>\t\t\t\t\t\t\t\t\t\t\t\t\t\t\t<\/div>\n\t\t\t\t<\/div>\n\t\t\t\t\t<\/div>\n\t\t\t\t<\/div>\n\t\t<div class=\"elementor-element elementor-element-3241112 e-con-full e-flex e-con e-parent\" data-id=\"3241112\" data-element_type=\"container\" data-e-type=\"container\" data-settings=\"{&quot;background_background&quot;:&quot;classic&quot;}\">\n\t\t<div class=\"elementor-element elementor-element-81ca337 e-con-full e-flex e-con e-child\" data-id=\"81ca337\" data-element_type=\"container\" data-e-type=\"container\">\n\t\t\t\t<div class=\"elementor-element elementor-element-87bcc66 elementor-cta--skin-cover elementor-cta--valign-middle elementor-bg-transform elementor-bg-transform-move-left elementor-widget elementor-widget-call-to-action\" data-id=\"87bcc66\" data-element_type=\"widget\" data-e-type=\"widget\" data-widget_type=\"call-to-action.default\">\n\t\t\t\t<div class=\"elementor-widget-container\">\n\t\t\t\t\t\t\t<div class=\"elementor-cta\">\n\t\t\t\t\t<div class=\"elementor-cta__bg-wrapper\">\n\t\t\t\t<div class=\"elementor-cta__bg elementor-bg\" style=\"background-image: url(https:\/\/corbins.us\/wp-content\/uploads\/2024\/08\/career_bt3.webp);\" role=\"img\" aria-label=\"carrera_bt3\"><\/div>\n\t\t\t\t<div class=\"elementor-cta__bg-overlay\"><\/div>\n\t\t\t<\/div>\n\t\t\t\t\t\t\t<div class=\"elementor-cta__content\">\n\t\t\t\t\n\t\t\t\t\t\t\t\t\t<h2 class=\"elementor-cta__title elementor-cta__content-item elementor-content-item\">\n\t\t\t\t\t\t\u00bfNecesita ayuda con alguno de nuestros puestos vacantes?\t\t\t\t\t<\/h2>\n\t\t\t\t\n\t\t\t\t\n\t\t\t\t\t\t\t\t\t<div class=\"elementor-cta__button-wrapper elementor-cta__content-item elementor-content-item\">\n\t\t\t\t\t<a class=\"elementor-cta__button elementor-button elementor-size-\" href=\"mailto:talent@noxgroup.us\">\n\t\t\t\t\t\tENV\u00cdE UN CORREO ELECTR\u00d3NICO A NUESTRO EQUIPO DE TALENTOS\t\t\t\t\t<\/a>\n\t\t\t\t\t<\/div>\n\t\t\t\t\t\t\t<\/div>\n\t\t\t\t\t\t<\/div>\n\t\t\t\t\t\t<\/div>\n\t\t\t\t<\/div>\n\t\t\t\t<\/div>\n\t\t<div class=\"elementor-element elementor-element-8eea371 e-con-full e-flex e-con e-child\" data-id=\"8eea371\" data-element_type=\"container\" data-e-type=\"container\">\n\t\t\t\t<div class=\"elementor-element elementor-element-d3b9b3b elementor-cta--skin-cover elementor-cta--valign-middle elementor-bg-transform elementor-bg-transform-move-left elementor-widget elementor-widget-call-to-action\" data-id=\"d3b9b3b\" data-element_type=\"widget\" data-e-type=\"widget\" data-widget_type=\"call-to-action.default\">\n\t\t\t\t<div class=\"elementor-widget-container\">\n\t\t\t\t\t\t\t<div class=\"elementor-cta\">\n\t\t\t\t\t<div class=\"elementor-cta__bg-wrapper\">\n\t\t\t\t<div class=\"elementor-cta__bg elementor-bg\" style=\"background-image: url(https:\/\/corbins.us\/wp-content\/uploads\/2024\/08\/career_bt4.webp);\" role=\"img\" aria-label=\"carrera_bt4\"><\/div>\n\t\t\t\t<div class=\"elementor-cta__bg-overlay\"><\/div>\n\t\t\t<\/div>\n\t\t\t\t\t\t\t<div class=\"elementor-cta__content\">\n\t\t\t\t\n\t\t\t\t\t\t\t\t\t<h2 class=\"elementor-cta__title elementor-cta__content-item elementor-content-item\">\n\t\t\t\t\t\t\u00bfNecesita ayuda con nuestros puestos vacantes?\t\t\t\t\t<\/h2>\n\t\t\t\t\n\t\t\t\t\n\t\t\t\t\t\t\t\t\t<div class=\"elementor-cta__button-wrapper elementor-cta__content-item elementor-content-item\">\n\t\t\t\t\t<a class=\"elementor-cta__button elementor-button elementor-size-\" href=\"mailto:talent@noxgroup.us\">\n\t\t\t\t\t\tENV\u00cdANOS UN CORREO ELECTR\u00d3NICO\t\t\t\t\t<\/a>\n\t\t\t\t\t<\/div>\n\t\t\t\t\t\t\t<\/div>\n\t\t\t\t\t\t<\/div>\n\t\t\t\t\t\t<\/div>\n\t\t\t\t<\/div>\n\t\t\t\t<\/div>\n\t\t\t\t<\/div>\n\t\t<div class=\"elementor-element elementor-element-47b0bf7 e-con-full e-flex e-con e-parent\" data-id=\"47b0bf7\" data-element_type=\"container\" data-e-type=\"container\" data-settings=\"{&quot;background_background&quot;:&quot;classic&quot;}\">\n\t\t\t\t<div class=\"elementor-element elementor-element-9aff993 elementor-widget elementor-widget-text-editor\" data-id=\"9aff993\" data-element_type=\"widget\" data-e-type=\"widget\" data-widget_type=\"text-editor.default\">\n\t\t\t\t<div class=\"elementor-widget-container\">\n\t\t\t\t\t\t\t\t\t<p>Corbins es propiedad y est\u00e1 operado por Nox Group, una empresa de distintas compa\u00f1\u00edas que trabajan juntas para elevar la industria de la construcci\u00f3n. <a href=\"https:\/\/noxgroup.us\" target=\"_blank\" rel=\"noopener\">Grupo Nox<\/a> Tiene una larga trayectoria sirviendo a municipios, instalaciones de infraestructura cr\u00edtica y propietarios de instalaciones industriales. Nox Group y sus compa\u00f1\u00edas operadoras ofrecen la mejor relaci\u00f3n calidad-precio con soluciones innovadoras para garantizar la ejecuci\u00f3n exitosa de todos los proyectos. Esto se logra mediante la ejecuci\u00f3n propia de servicios de contrataci\u00f3n general, electricidad, modelado, prefabricaci\u00f3n y etiquetado.<\/p><p>Para oportunidades empresariales generales, consulte el Grupo Nox <a href=\"https:\/\/noxgroup.us\/careers\" target=\"_blank\" rel=\"noopener\">carreras<\/a> p\u00e1gina.<\/p>\t\t\t\t\t\t\t\t<\/div>\n\t\t\t\t<\/div>\n\t\t\t\t<div class=\"elementor-element elementor-element-dc48da1 elementor-widget elementor-widget-heading\" data-id=\"dc48da1\" data-element_type=\"widget\" data-e-type=\"widget\" data-widget_type=\"heading.default\">\n\t\t\t\t<div class=\"elementor-widget-container\">\n\t\t\t\t\t<h2 class=\"elementor-heading-title elementor-size-default\"><a href=\"#elementor-action%3Aaction%3Dpopup%3Aopen%26settings%3DeyJpZCI6IjMxNDMiLCJ0b2dnbGUiOmZhbHNlfQ%3D%3D\">Somos un empleador que ofrece igualdad de oportunidades<\/a><\/h2>\t\t\t\t<\/div>\n\t\t\t\t<\/div>\n\t\t\t\t<div class=\"elementor-element elementor-element-09017e2 elementor-widget elementor-widget-text-editor\" data-id=\"09017e2\" data-element_type=\"widget\" data-e-type=\"widget\" data-widget_type=\"text-editor.default\">\n\t\t\t\t<div class=\"elementor-widget-container\">\n\t\t\t\t\t\t\t\t\t<p>Para cumplir con la Regla de Transparencia en la Cobertura, Corbins colabora con sus proveedores de cobertura m\u00e9dica para proporcionar un enlace a sus archivos legibles por m\u00e1quina. Haga clic en las URL proporcionadas para obtener m\u00e1s informaci\u00f3n. <a href=\"https:\/\/transparency-in-coverage.uhc.com\/\">https:\/\/transparency-in-coverage.uhc.com\/<\/a><\/p>\t\t\t\t\t\t\t\t<\/div>\n\t\t\t\t<\/div>\n\t\t\t\t<\/div>\n\t\t\t\t<\/div>","protected":false},"excerpt":{"rendered":"<p>If you are passionate about your craft, developing your skills, and growing your career then we want to talk with you. We are boldly changing the construction industry and are always looking for the right people to grow with. Si necesita ayuda con nuestros puestos vacantes, env\u00edanos un correo electr\u00f3nico. BACK DON&#8217;T SEE WHAT YOU [&hellip;]<\/p>\n","protected":false},"author":1,"featured_media":0,"parent":0,"menu_order":0,"comment_status":"closed","ping_status":"closed","template":"elementor_header_footer","meta":{"_monsterinsights_skip_tracking":false,"_monsterinsights_sitenote_active":false,"_monsterinsights_sitenote_note":"","_monsterinsights_sitenote_category":0,"site-sidebar-layout":"no-sidebar","site-content-layout":"page-builder","ast-site-content-layout":"full-width-container","site-content-style":"default","site-sidebar-style":"default","ast-global-header-display":"","ast-banner-title-visibility":"","ast-main-header-display":"","ast-hfb-above-header-display":"","ast-hfb-below-header-display":"","ast-hfb-mobile-header-display":"","site-post-title":"disabled","ast-breadcrumbs-content":"","ast-featured-img":"disabled","footer-sml-layout":"","ast-disable-related-posts":"","theme-transparent-header-meta":"","adv-header-id-meta":"","stick-header-meta":"","header-above-stick-meta":"","header-main-stick-meta":"","header-below-stick-meta":"","astra-migrate-meta-layouts":"set","ast-page-background-enabled":"default","ast-page-background-meta":{"desktop":{"background-color":"var(--ast-global-color-4)","background-image":"","background-repeat":"repeat","background-position":"center center","background-size":"auto","background-attachment":"scroll","background-type":"","background-media":"","overlay-type":"","overlay-color":"","overlay-opacity":"","overlay-gradient":""},"tablet":{"background-color":"","background-image":"","background-repeat":"repeat","background-position":"center center","background-size":"auto","background-attachment":"scroll","background-type":"","background-media":"","overlay-type":"","overlay-color":"","overlay-opacity":"","overlay-gradient":""},"mobile":{"background-color":"","background-image":"","background-repeat":"repeat","background-position":"center center","background-size":"auto","background-attachment":"scroll","background-type":"","background-media":"","overlay-type":"","overlay-color":"","overlay-opacity":"","overlay-gradient":""}},"ast-content-background-meta":{"desktop":{"background-color":"var(--ast-global-color-5)","background-image":"","background-repeat":"repeat","background-position":"center center","background-size":"auto","background-attachment":"scroll","background-type":"","background-media":"","overlay-type":"","overlay-color":"","overlay-opacity":"","overlay-gradient":""},"tablet":{"background-color":"var(--ast-global-color-5)","background-image":"","background-repeat":"repeat","background-position":"center center","background-size":"auto","background-attachment":"scroll","background-type":"","background-media":"","overlay-type":"","overlay-color":"","overlay-opacity":"","overlay-gradient":""},"mobile":{"background-color":"var(--ast-global-color-5)","background-image":"","background-repeat":"repeat","background-position":"center center","background-size":"auto","background-attachment":"scroll","background-type":"","background-media":"","overlay-type":"","overlay-color":"","overlay-opacity":"","overlay-gradient":""}},"footnotes":""},"class_list":["post-8914","page","type-page","status-publish","hentry"],"aioseo_notices":[],"_links":{"self":[{"href":"https:\/\/corbins.us\/es\/wp-json\/wp\/v2\/pages\/8914","targetHints":{"allow":["GET"]}}],"collection":[{"href":"https:\/\/corbins.us\/es\/wp-json\/wp\/v2\/pages"}],"about":[{"href":"https:\/\/corbins.us\/es\/wp-json\/wp\/v2\/types\/page"}],"author":[{"embeddable":true,"href":"https:\/\/corbins.us\/es\/wp-json\/wp\/v2\/users\/1"}],"replies":[{"embeddable":true,"href":"https:\/\/corbins.us\/es\/wp-json\/wp\/v2\/comments?post=8914"}],"version-history":[{"count":188,"href":"https:\/\/corbins.us\/es\/wp-json\/wp\/v2\/pages\/8914\/revisions"}],"predecessor-version":[{"id":11621,"href":"https:\/\/corbins.us\/es\/wp-json\/wp\/v2\/pages\/8914\/revisions\/11621"}],"wp:attachment":[{"href":"https:\/\/corbins.us\/es\/wp-json\/wp\/v2\/media?parent=8914"}],"curies":[{"name":"gracias","href":"https:\/\/api.w.org\/{rel}","templated":true}]}}